{"id":33,"date":"2025-11-20T08:29:55","date_gmt":"2025-11-20T06:29:55","guid":{"rendered":"https:\/\/verstashelsinki.fi\/?page_id=33"},"modified":"2025-12-04T08:27:10","modified_gmt":"2025-12-04T06:27:10","slug":"integritetspolicy","status":"publish","type":"page","link":"https:\/\/verstashelsinki.fi\/sv\/tietosuojaseloste\/","title":{"rendered":"Integritetspolicy"},"content":{"rendered":"<section class=\"bde-section-33-100 bde-section\">\n  \n  \n\t\n\n\n\n<div class=\"section-container\"><div class=\"bde-rich-text-33-101 bde-rich-text breakdance-rich-text-styles\">\n<h1>Integritetspolicy<\/h1><p>Detta \u00e4r Verstas Helsinki Oy:s register och integritetspolicy i enlighet med EU:s allm\u00e4nna dataskyddsf\u00f6rordning (GDPR). Etablerad 1.1.2025 Senast \u00e4ndrad 1.1.2025<\/p><p>Integriteten f\u00f6r bes\u00f6kare p\u00e5 v\u00e5r webbplats \u00e4r mycket viktig f\u00f6r oss och vi \u00e4r fast beslutna att skydda den. Denna integritetspolicy f\u00f6rklarar vad vi anv\u00e4nder din personliga information till.<\/p><p>Genom att samtycka till anv\u00e4ndningen av cookies i enlighet med integritetspolicyn f\u00f6rsta g\u00e5ngen du bes\u00f6ker webbplatsen samtycker du till anv\u00e4ndningen av cookies vid varje efterf\u00f6ljande bes\u00f6k.<\/p><h3>1 Personuppgiftsansvarig<\/h3><p>Verstas Helsingfors Oy<br \/>Henry Ford Street 6<br \/>00150 Helsingfors<\/p><h3>2 Kontaktperson med ansvar f\u00f6r registret<\/h3><p>Juha Hellgren<br \/>+358 (0)40 5642257<br \/>juha@verstashelsinki.fi<\/p><h3>3 Namn p\u00e5 registret<\/h3><p>F\u00f6retagets kundregister<\/p><h3>4 Insamling av personuppgifter<\/h3><p>F\u00f6ljande typer av personuppgifter kan komma att samlas in, lagras och anv\u00e4ndas:<\/p><p>- information om din enhet, inklusive IP-adress, geografisk plats, webbl\u00e4sartyp och -version samt operativsystem; <br \/>- information om dina bes\u00f6k och din anv\u00e4ndning av webbplatsen, inklusive h\u00e4nvisningar, bes\u00f6kets l\u00e4ngd, visade sidor och webbplatsens navigeringsv\u00e4gar; <br \/>- information, t.ex. din e-postadress, som du l\u00e4mnar n\u00e4r du registrerar dig p\u00e5 v\u00e5r webbplats; <br \/>- information som du anger n\u00e4r du skapar en profil p\u00e5 v\u00e5r webbplats - till exempel ditt namn, telefonnummer, adress; <br \/>- information, t.ex. ditt namn och din e-postadress, som du l\u00e4mnar n\u00e4r du prenumererar p\u00e5 v\u00e5ra e-postmeddelanden och\/eller nyhetsbrev; <br \/>- information som du l\u00e4mnar n\u00e4r du anv\u00e4nder tj\u00e4nsterna p\u00e5 v\u00e5r webbplats; <br \/>- information som genereras av anv\u00e4ndningen av webbplatsen, inklusive tidpunkt, frekvens och villkor f\u00f6r anv\u00e4ndningen av webbplatsen; <br \/>- information som du l\u00e4mnar till v\u00e5r webbplats i syfte att publicera den p\u00e5 internet, inklusive ditt anv\u00e4ndarnamn, profilbilder och inneh\u00e5llet i dina inl\u00e4gg; <br \/>- all information som ing\u00e5r i kommunikation som du skickar till oss via v\u00e5r webbplats eller via e-post, inklusive b\u00e5de inneh\u00e5llet och metadata f\u00f6r kommunikationen; <br \/>- alla andra personuppgifter som du skickar till oss.<\/p><p>Innan du l\u00e4mnar ut en annan persons uppgifter till oss m\u00e5ste du inh\u00e4mta den personens samtycke till \u00f6verf\u00f6ring och behandling av personuppgifterna i enlighet med denna integritetspolicy.<\/p><h3>5 Anv\u00e4ndning av dina personuppgifter<\/h3><p>Personuppgifter som l\u00e4mnas till oss via v\u00e5r webbplats kommer att anv\u00e4ndas f\u00f6r de \u00e4ndam\u00e5l som anges i denna integritetspolicy och p\u00e5 relevanta sidor p\u00e5 v\u00e5r webbplats. Vi kan komma att anv\u00e4nda dina personuppgifter f\u00f6r f\u00f6ljande \u00e4ndam\u00e5l:\u00a0<\/p><p>- underh\u00e5lla v\u00e5r webbplats och v\u00e5r verksamhet; <br \/>- personlig anpassning av din upplevelse p\u00e5 v\u00e5r webbplats; <br \/>- g\u00f6ra det m\u00f6jligt f\u00f6r dig att anv\u00e4nda tj\u00e4nsterna p\u00e5 v\u00e5r webbplats; <br \/>- tillhandah\u00e5lla tj\u00e4nster som k\u00f6pts via v\u00e5r webbplats; <br \/>- skicka icke-reklambetonad kommersiell kommunikation; <br \/>- utskick av s\u00e4rskilt beg\u00e4rda e-postmeddelanden; <br \/>- skicka v\u00e5rt nyhetsbrev till dig om du har beg\u00e4rt det (du kan n\u00e4r som helst avsluta prenumerationen); <br \/>- leverans av marknadsf\u00f6ringskommunikation som r\u00f6r v\u00e5r egen verksamhet eller tredje parts verksamhet som vi s\u00e4rskilt har valt ut och som anses vara anv\u00e4ndbar f\u00f6r dig, antingen via anslag p\u00e5 plats eller, om du uttryckligen har samtyckt till det, via e-post eller liknande (du kan n\u00e4r som helst informera oss om att du inte l\u00e4ngre vill ta emot marknadsf\u00f6ringskommunikation); <br \/>- tillhandah\u00e5lla statistisk information om v\u00e5ra anv\u00e4ndare till tredje part (s\u00e5 att dessa tredje parter inte kan identifiera enskilda anv\u00e4ndare fr\u00e5n statistiken); <br \/>- hantera fr\u00e5gor och klagom\u00e5l om v\u00e5r webbplats som du har skickat till oss eller som r\u00f6r dig; <br \/>- skydda v\u00e5r webbplats och f\u00f6rhindra bedr\u00e4gerier;<\/p><p>Om du skickar in dina personuppgifter f\u00f6r publicering p\u00e5 v\u00e5r webbplats kommer vi att publicera och anv\u00e4nda dessa uppgifter i enlighet med det samtycke du har gett. Du kan begr\u00e4nsa och kontrollera publiceringen av din information p\u00e5 v\u00e5r webbplats genom att anv\u00e4nda sekretessinst\u00e4llningarna. Utan ditt uttryckliga samtycke kommer vi inte att l\u00e4mna ut dina personuppgifter till tredje part f\u00f6r direktmarknadsf\u00f6ring eller vidarebefordran.<\/p><h3>6 Delning av personuppgifter<\/h3><p>Vi kan dela dina personuppgifter med v\u00e5ra anst\u00e4llda, chefer, f\u00f6rs\u00e4kringsgivare, r\u00e5dgivare, ombud, entrepren\u00f6rer eller underleverant\u00f6rer om det rimligen kr\u00e4vs f\u00f6r att g\u00f6ra det f\u00f6r de anv\u00e4ndningsomr\u00e5den som beskrivs i denna sekretesspolicy.<\/p><p>Vi kan dela dina personuppgifter med n\u00e5got av v\u00e5ra koncernbolag (detta inkluderar v\u00e5ra dotterbolag, v\u00e5rt holdingbolag och n\u00e5got av dess dotterbolag) i den utstr\u00e4ckning som rimligen kr\u00e4vs f\u00f6r de anv\u00e4ndningsomr\u00e5den som anges i denna integritetspolicy.<\/p><p>Vi kan komma att dela dina personuppgifter:<\/p><p>- i de situationer som kr\u00e4vs enligt lag; <br \/>- i samband med p\u00e5g\u00e5ende eller potentiella r\u00e4ttsliga f\u00f6rfaranden; <br \/>- f\u00f6r att fastst\u00e4lla, ut\u00f6va och f\u00f6rsvara v\u00e5ra lagliga r\u00e4ttigheter (inklusive utl\u00e4mnande av information i syfte att f\u00f6rebygga bedr\u00e4gerier och minska kreditrisker); <br \/>- till en k\u00f6pare (eller presumtiv k\u00f6pare) av n\u00e5gon av v\u00e5ra verksamheter eller tillg\u00e5ngar; och <br \/>- till en person som vi tror rimligen skulle kunna beg\u00e4ra att en domstol eller annan beh\u00f6rig myndighet delar den personliga informationen om, enligt v\u00e5r \u00e5sikt, en s\u00e5dan domstol eller myndighet rimligen skulle kunna beordra delning av den personliga informationen.<\/p><p>Med de undantag som n\u00e4mns i denna integritetspolicy kommer vi inte att l\u00e4mna ut dina personuppgifter till tredje part.<\/p><h3>7 Internationell data\u00f6verf\u00f6ring<\/h3><p>Den information vi samlar in kan lagras, behandlas och \u00f6verf\u00f6ras mellan alla l\u00e4nder i v\u00e5r jurisdiktion f\u00f6r att vi ska kunna anv\u00e4nda informationen i enlighet med denna integritetspolicy.<\/p><p>Uppgifterna l\u00e4mnas inte regelbundet ut till andra parter. Uppgifterna kommer inte att \u00f6verf\u00f6ras utanf\u00f6r EU eller EES. Ingen \u00f6verf\u00f6ring av uppgifter till USA.<\/p><h3>8 Bevarande av personuppgifter<\/h3><p>De personuppgifter som vi samlar in f\u00f6r n\u00e5got eller n\u00e5gra \u00e4ndam\u00e5l kommer inte att sparas l\u00e4ngre \u00e4n n\u00f6dv\u00e4ndigt.<\/p><p>Vi f\u00f6rvarar dokument (inklusive elektroniska dokument) som inneh\u00e5ller personuppgifter:<\/p><p>- i enlighet med de skyldigheter som f\u00f6ljer av lag: <br \/>- om vi anser att dokumenten \u00e4r relevanta f\u00f6r p\u00e5g\u00e5ende eller potentiella r\u00e4ttsliga f\u00f6rfaranden; och <br \/>- f\u00f6r att fastst\u00e4lla, ut\u00f6va och f\u00f6rsvara v\u00e5ra lagliga r\u00e4ttigheter (inklusive utl\u00e4mnande av information i syfte att f\u00f6rebygga bedr\u00e4gerier och minska kreditrisker).<\/p><h3>9 S\u00e4kerhet f\u00f6r personuppgifter<\/h3><p>Registret behandlas med vederb\u00f6rlig omsorg och de uppgifter som behandlas av informationssystemen \u00e4r tillr\u00e4ckligt skyddade. Vi lagrar alla personuppgifter som du l\u00e4mnar till oss p\u00e5 v\u00e5ra s\u00e4kra servrar. Den personuppgiftsansvarige ser till att de uppgifter som lagras, liksom \u00e5tkomstr\u00e4ttigheter till servern och annan information som \u00e4r kritisk f\u00f6r personuppgifternas s\u00e4kerhet, behandlas konfidentiellt och endast av anst\u00e4llda vars arbetsbeskrivning omfattar detta.<\/p><p>Du \u00e4r medveten om att \u00f6verf\u00f6ring av information via Internet i sig \u00e4r os\u00e4kert och att vi inte kan garantera s\u00e4kerheten f\u00f6r information som \u00f6verf\u00f6rs via Internet.<\/p><p>Du \u00e4r ansvarig f\u00f6r att h\u00e5lla det l\u00f6senord som du anv\u00e4nder p\u00e5 webbplatsen hemligt; vi kommer aldrig att be dig att avsl\u00f6ja ditt l\u00f6senord (utom n\u00e4r du loggar in p\u00e5 webbplatsen).<\/p><h3>10 Dina r\u00e4ttigheter<\/h3><p>Varje person i registret har r\u00e4tt att kontrollera de uppgifter som finns lagrade i registret och att beg\u00e4ra att felaktiga eller ofullst\u00e4ndiga uppgifter r\u00e4ttas eller kompletteras. Om en person vill kontrollera eller beg\u00e4ra r\u00e4ttelse av de uppgifter som finns lagrade om honom eller henne, ska beg\u00e4ran skickas skriftligen till den personuppgiftsansvarige. Den personuppgiftsansvarige kan vid behov be den s\u00f6kande att styrka sin identitet. Den personuppgiftsansvarige kommer att svara kunden inom den tidsfrist som anges i EU:s allm\u00e4nna dataskyddsf\u00f6rordning (i regel inom en m\u00e5nad).<\/p><p>Du kan n\u00e4r som helst be oss att inte anv\u00e4nda dina personuppgifter f\u00f6r marknadsf\u00f6rings\u00e4ndam\u00e5l.<\/p><h3>11 \u00d6vriga r\u00e4ttigheter i samband med behandling av personuppgifter<\/h3><p>En person i registret har r\u00e4tt att beg\u00e4ra att personuppgifter som r\u00f6r honom eller henne raderas fr\u00e5n registret (\"r\u00e4tten att bli bortgl\u00f6md\"). Den registrerade har ocks\u00e5 andra r\u00e4ttigheter enligt EU:s allm\u00e4nna dataskyddsf\u00f6rordning, till exempel att behandlingen av personuppgifter begr\u00e4nsas under vissa omst\u00e4ndigheter. Beg\u00e4ran ska skickas skriftligen till den personuppgiftsansvarige. Den personuppgiftsansvarige kan vid behov be den s\u00f6kande att styrka sin identitet. Den personuppgiftsansvarige kommer att svara kunden inom de tidsfrister som anges i EU:s allm\u00e4nna dataskyddsf\u00f6rordning (som huvudregel inom en m\u00e5nad).<\/p><h3>12 kakor<\/h3><p>V\u00e5r webbplats anv\u00e4nder cookies. En cookie \u00e4r en fil som inneh\u00e5ller en identifierare (en str\u00e4ng med bokst\u00e4ver och siffror) som skickas till och lagras av webbl\u00e4saren. Identifieraren skickas tillbaka till servern varje g\u00e5ng webbl\u00e4saren beg\u00e4r en sida fr\u00e5n servern. Cookies kan vara antingen \u201cpermanenta\u201d eller \u201csessionscookies\u201d: en permanent cookie lagras av webbl\u00e4saren och \u00e4r giltig till ett visst datum, s\u00e5vida inte anv\u00e4ndaren raderar den; en sessionscookie \u00e4r endast giltig under sessionen, dvs. tills webbl\u00e4saren st\u00e4ngs. Cookies inneh\u00e5ller i allm\u00e4nhet inte information som identifierar anv\u00e4ndaren personligen, men de personuppgifter som vi lagrar kan vara kopplade till informationen i cookien. Obligatoriska cookies kan inte blockeras. De \u00e4r relaterade till s\u00e4kerhet och f\u00f6r att webbplatsen ska fungera. Obligatoriska cookies inneh\u00e5ller inte personligt identifierbar information.<\/p><p>Om du vill kan du blockera icke-obligatoriska cookies eller begr\u00e4nsa anv\u00e4ndningen av cookies, eller radera cookies som redan har lagrats, via cookiebannern p\u00e5 v\u00e5r webbplats.<\/p><p>Voit lukea lis\u00e4\u00e4 ev\u00e4steist\u00e4 ja Suomen ev\u00e4stesuosituksista Traficomin verkkosivustolta https:\/\/www.traficom.fi\/sites\/default\/files\/media\/file\/Ev%C3%A4steohjeistus_palveluntarjoajille.pdf<\/p><p>Vi f\u00f6rbeh\u00e5ller oss r\u00e4tten att uppdatera v\u00e5r cookiepolicy, till exempel p\u00e5 grund av utveckling av tj\u00e4nster eller tvingande lagstiftning.<\/p>\n<\/div><\/div>\n<\/section>","protected":false},"excerpt":{"rendered":"<p>TietosuojaselosteT\u00e4m\u00e4 on Verstas Helsinki Oy EU:n yleisen tietosuoja-asetuksen (GDPR) mukainen rekisteri- ja tietosuojaseloste. Laadittu 1.1.2025 Viimeisin muutos 1.1.2025Sivustomme vierailijoiden yksityisyys on meille hyvin t\u00e4rke\u00e4\u00e4, ja olemme sitoutuneet suojelemaan sit\u00e4. T\u00e4m\u00e4 tietosuojak\u00e4yt\u00e4nt\u00f6 kertoo, mihin k\u00e4yt\u00e4mme henkil\u00f6tietojasi.Kun hyv\u00e4ksyt tietosuojak\u00e4yt\u00e4nn\u00f6n mukaisen ev\u00e4steiden k\u00e4ytt\u00e4misen ensimm\u00e4ist\u00e4 kertaa sivustolla vieraillessasi, hyv\u00e4ksyt ev\u00e4steiden k\u00e4yt\u00f6n my\u00f6s jokaisella tulevalla vierailukerralla.1 Rekisterinpit\u00e4j\u00e4Verstas Helsinki OyHenry Fordin [&hellip;]<\/p>\n","protected":false},"author":1,"featured_media":0,"parent":0,"menu_order":0,"comment_status":"closed","ping_status":"closed","template":"","meta":{"_breakdance_hide_in_design_set":false,"_breakdance_tags":"","footnotes":""},"class_list":["post-33","page","type-page","status-publish","hentry"],"_links":{"self":[{"href":"https:\/\/verstashelsinki.fi\/sv\/wp-json\/wp\/v2\/pages\/33","targetHints":{"allow":["GET"]}}],"collection":[{"href":"https:\/\/verstashelsinki.fi\/sv\/wp-json\/wp\/v2\/pages"}],"about":[{"href":"https:\/\/verstashelsinki.fi\/sv\/wp-json\/wp\/v2\/types\/page"}],"author":[{"embeddable":true,"href":"https:\/\/verstashelsinki.fi\/sv\/wp-json\/wp\/v2\/users\/1"}],"replies":[{"embeddable":true,"href":"https:\/\/verstashelsinki.fi\/sv\/wp-json\/wp\/v2\/comments?post=33"}],"version-history":[{"count":3,"href":"https:\/\/verstashelsinki.fi\/sv\/wp-json\/wp\/v2\/pages\/33\/revisions"}],"predecessor-version":[{"id":356,"href":"https:\/\/verstashelsinki.fi\/sv\/wp-json\/wp\/v2\/pages\/33\/revisions\/356"}],"wp:attachment":[{"href":"https:\/\/verstashelsinki.fi\/sv\/wp-json\/wp\/v2\/media?parent=33"}],"curies":[{"name":"wp","href":"https:\/\/api.w.org\/{rel}","templated":true}]}}